{"id":538,"date":"2021-05-15T15:08:42","date_gmt":"2021-05-15T15:08:42","guid":{"rendered":"http:\/\/actuum.ch\/?page_id=538"},"modified":"2024-09-05T13:56:07","modified_gmt":"2024-09-05T13:56:07","slug":"projects-2","status":"publish","type":"page","link":"http:\/\/actuum.ch\/?page_id=538","title":{"rendered":"2042"},"content":{"rendered":"\n<p>zusammen mit dem Verein ARTS SANS FRONTIERE  <br><a rel=\"noreferrer noopener\" href=\"http:\/\/www.arts-sans-frontieres.ch\" data-type=\"URL\" data-id=\"www.arts-sans-frontieres.ch\" target=\"_blank\">www.arts-sans-frontieres.ch<\/a><br><\/p>\n\n\n\n<p><strong>2042  \u2013 Das Spiellabor der Zukunft<\/strong><br>Eine Produktion des transkulturellen Kollektivs <strong>FUTUR2<\/strong><br>In Koproduktion mit dem \u00abkicks!\u00bb Festival und dem Schlachthaus <br>F\u00fcr Kinder (10+) und Erwachsene<\/p>\n\n\n\n<p>Unterst\u00fctzt durch:<br>Stadt Bern, Kanton Bern Swisslos, Burgergemeinde Bern<br>Fachausschuss Tanz und Theater BS-BL<br><br>Regie, Performance, Objekttheater: <strong>Stephan Q. Eberhard <\/strong>(BE) <br>Regie, Performance, Spielleitung: <strong>Edith Sophia Godau <\/strong>(D) <br>Musik\/Sound, Performance: <strong>Melisa Su Ta\u015fk\u0131ran <\/strong>(BE) <br>Choreografie, Performance: <strong>Ouelgo T\u00e9n\u00e9 <\/strong>(BS)<br>B\u00fchne, Kost\u00fcm: <strong>Ernestyna Orlowska <\/strong>(BE)<br>Technik, Licht- und Sounddesign: <strong>Luz Gonz\u00e1lez <\/strong>(BE)<br>Recherche, Vermittlung, P\u00e4dagogik: <strong>Milena Kaute <\/strong>(HH)<br>\u0152il Ext\u00e9rieur: <strong>Steven Schoch <\/strong>(BS)&nbsp; &nbsp; &nbsp;<br>Produktionsleitung: <strong>Fiona Schreier <\/strong>(ZH)<br><br><strong>Spieldaten 2022<br><\/strong>Schlachthaus Bern 19.-24. Februar 2022<br>KICKS! Festival Dampfzentrale 19.-25. Mai 2022<br>Blickfelder Festival 9.-19. Juni 2022 <br>Kulturhaus Helferei Z\u00fcrich Herbst 22<br>Stadelhofen Theater Z\u00fcrich Herbst 22<br><br><strong>SHORT<\/strong><\/p>\n\n\n\n<p>Wir befinden uns in einem Labor. Hier wird mit Spielzeug der Realit\u00e4t der Zukunft nachgeforscht. Melisa wandelt Farben in futuristische Kl\u00e4nge um, Ouelgo tanzt die neuste Trendsportart des Jahres 2042, Stephan animiert den Hausaufgaben-Roboter. Die imaginierte Zukunft wird auf mehreren Ebenen sinnlich erfahrbar &#8211; und Gegenwart und Vergangenheit geraten ins Klingen.<\/p>\n\n\n\n<p>\u00ab2042\u00bb ist eine transdisziplin\u00e4re Performance des transkulturellen Kollektivs FUTUR2 f\u00fcr Kinder (10+) und Erwachsene. Der T\u00e4nzer Ouelgo, die DJ und Musikerin Melisa und der Objektspieler Stephan (alle um die 30) erschaen auf Grundlage einer Recherche mit 10-j\u00e4hrigen Kindern eine Welt, wie sie sich im Jahr 2042 anf\u00fchlen k\u00f6nnte &#8211; also in zwanzig Jahren, wenn heute 10-J\u00e4hrige selbst um die 30 sein werden. Als eine Art Avatar*innen nehmen sie die Rollen der 30-j\u00e4hrigen Zukunfts-Ichs der Kinder von Heute ein, w\u00e4hrend die Kinder f\u00fcr die Vergangenheits-Ichs von uns Erwachsenen stehen. Zusammen begeben wir uns in ein Spiellabor der Zukunft. Darin befindet sich Altes und Neues, Alltagsgegenst\u00e4nde und vor allem Spielzeug &#8211; und huch, da ist ja noch eine weitere Mitspielerin: der Roboter ClicBot.<br>Die Vorstellung bedient sich wenig Sprache aus vielen verschiedenen Sprachen &#8211; Sprachvorkenntnisse sind nicht erforderlich.<\/p>\n\n\n\n<figure class=\"wp-block-image size-large is-resized\"><img loading=\"lazy\" decoding=\"async\" src=\"http:\/\/actuum.ch\/wp-content\/uploads\/2021\/11\/SL_KtBE_Kultur_d_sw-1024x372.jpg\" alt=\"\" class=\"wp-image-714\" width=\"155\" height=\"56\" srcset=\"http:\/\/actuum.ch\/wp-content\/uploads\/2021\/11\/SL_KtBE_Kultur_d_sw-1024x372.jpg 1024w, http:\/\/actuum.ch\/wp-content\/uploads\/2021\/11\/SL_KtBE_Kultur_d_sw-300x109.jpg 300w, http:\/\/actuum.ch\/wp-content\/uploads\/2021\/11\/SL_KtBE_Kultur_d_sw-768x279.jpg 768w, http:\/\/actuum.ch\/wp-content\/uploads\/2021\/11\/SL_KtBE_Kultur_d_sw-1536x558.jpg 1536w, http:\/\/actuum.ch\/wp-content\/uploads\/2021\/11\/SL_KtBE_Kultur_d_sw.jpg 1589w\" sizes=\"auto, (max-width: 155px) 100vw, 155px\" \/><\/figure>\n\n\n\n<figure class=\"wp-block-image size-large is-resized\"><img loading=\"lazy\" decoding=\"async\" src=\"http:\/\/actuum.ch\/wp-content\/uploads\/2021\/11\/BernStadt-copie-1024x611.jpg\" alt=\"\" class=\"wp-image-715\" width=\"144\" height=\"86\" srcset=\"http:\/\/actuum.ch\/wp-content\/uploads\/2021\/11\/BernStadt-copie-1024x611.jpg 1024w, http:\/\/actuum.ch\/wp-content\/uploads\/2021\/11\/BernStadt-copie-300x179.jpg 300w, http:\/\/actuum.ch\/wp-content\/uploads\/2021\/11\/BernStadt-copie-768x458.jpg 768w, http:\/\/actuum.ch\/wp-content\/uploads\/2021\/11\/BernStadt-copie-1536x917.jpg 1536w, http:\/\/actuum.ch\/wp-content\/uploads\/2021\/11\/BernStadt-copie-2048x1222.jpg 2048w\" sizes=\"auto, (max-width: 144px) 100vw, 144px\" \/><\/figure>\n\n\n\n<figure class=\"wp-block-image size-large is-resized\"><img loading=\"lazy\" decoding=\"async\" src=\"http:\/\/actuum.ch\/wp-content\/uploads\/2021\/11\/FA_BSBL_TUT_rgb_office-1024x307.png\" alt=\"\" class=\"wp-image-716\" width=\"267\" height=\"79\" srcset=\"http:\/\/actuum.ch\/wp-content\/uploads\/2021\/11\/FA_BSBL_TUT_rgb_office-1024x307.png 1024w, http:\/\/actuum.ch\/wp-content\/uploads\/2021\/11\/FA_BSBL_TUT_rgb_office-300x90.png 300w, http:\/\/actuum.ch\/wp-content\/uploads\/2021\/11\/FA_BSBL_TUT_rgb_office-768x231.png 768w, http:\/\/actuum.ch\/wp-content\/uploads\/2021\/11\/FA_BSBL_TUT_rgb_office-1536x461.png 1536w, http:\/\/actuum.ch\/wp-content\/uploads\/2021\/11\/FA_BSBL_TUT_rgb_office-2048x615.png 2048w\" sizes=\"auto, (max-width: 267px) 100vw, 267px\" \/><\/figure>\n\n\n\n<figure class=\"wp-block-image size-large is-resized\"><img loading=\"lazy\" decoding=\"async\" src=\"http:\/\/actuum.ch\/wp-content\/uploads\/2021\/11\/BGB_Sponsoring_Screen_S-1024x385.jpg\" alt=\"\" class=\"wp-image-713\" width=\"151\" height=\"56\" srcset=\"http:\/\/actuum.ch\/wp-content\/uploads\/2021\/11\/BGB_Sponsoring_Screen_S-1024x385.jpg 1024w, http:\/\/actuum.ch\/wp-content\/uploads\/2021\/11\/BGB_Sponsoring_Screen_S-300x113.jpg 300w, http:\/\/actuum.ch\/wp-content\/uploads\/2021\/11\/BGB_Sponsoring_Screen_S-768x289.jpg 768w, http:\/\/actuum.ch\/wp-content\/uploads\/2021\/11\/BGB_Sponsoring_Screen_S-1536x577.jpg 1536w, http:\/\/actuum.ch\/wp-content\/uploads\/2021\/11\/BGB_Sponsoring_Screen_S-2048x770.jpg 2048w\" sizes=\"auto, (max-width: 151px) 100vw, 151px\" \/><\/figure>\n","protected":false},"excerpt":{"rendered":"<p>zusammen mit dem Verein ARTS SANS FRONTIERE www.arts-sans-frontieres.ch 2042 \u2013 Das Spiellabor der ZukunftEine Produktion des transkulturellen Kollektivs FUTUR2In Koproduktion mit dem \u00abkicks!\u00bb Festival und dem Schlachthaus F\u00fcr Kinder (10+) und Erwachsene Unterst\u00fctzt durch:Stadt Bern, Kanton Bern Swisslos, Burgergemeinde BernFachausschuss<\/p>\n","protected":false},"author":1,"featured_media":0,"parent":0,"menu_order":0,"comment_status":"closed","ping_status":"closed","template":"","meta":{"footnotes":""},"class_list":["post-538","page","type-page","status-publish","hentry"],"_links":{"self":[{"href":"http:\/\/actuum.ch\/index.php?rest_route=\/wp\/v2\/pages\/538","targetHints":{"allow":["GET"]}}],"collection":[{"href":"http:\/\/actuum.ch\/index.php?rest_route=\/wp\/v2\/pages"}],"about":[{"href":"http:\/\/actuum.ch\/index.php?rest_route=\/wp\/v2\/types\/page"}],"author":[{"embeddable":true,"href":"http:\/\/actuum.ch\/index.php?rest_route=\/wp\/v2\/users\/1"}],"replies":[{"embeddable":true,"href":"http:\/\/actuum.ch\/index.php?rest_route=%2Fwp%2Fv2%2Fcomments&post=538"}],"version-history":[{"count":8,"href":"http:\/\/actuum.ch\/index.php?rest_route=\/wp\/v2\/pages\/538\/revisions"}],"predecessor-version":[{"id":743,"href":"http:\/\/actuum.ch\/index.php?rest_route=\/wp\/v2\/pages\/538\/revisions\/743"}],"wp:attachment":[{"href":"http:\/\/actuum.ch\/index.php?rest_route=%2Fwp%2Fv2%2Fmedia&parent=538"}],"curies":[{"name":"wp","href":"https:\/\/api.w.org\/{rel}","templated":true}]}}